{"id":65,"date":"2025-12-01T23:49:50","date_gmt":"2025-12-01T23:49:50","guid":{"rendered":"https:\/\/plancartemorelia.edu.mx\/plancarte\/?page_id=65"},"modified":"2025-12-18T14:56:58","modified_gmt":"2025-12-18T14:56:58","slug":"easy-customizable-2","status":"publish","type":"page","link":"https:\/\/plancartemorelia.edu.mx\/plancarte\/?page_id=65","title":{"rendered":"Misi\u00f3n <br> <i class=\"fa fa-bullseye fa-2x\"><\/i>"},"content":{"rendered":"\n<br>\n\n<p>El Instituto Antonio Plancarte es un Instituci\u00f3n Educativa Cat\u00f3lica que tiene como misi\u00f3n formar el Humanismo Cristiano mediante la educaci\u00f3n evang\u00e9lizadora, integral y arm\u00f3nica de la ni\u00f1ez y juventud.<\/p>\n","protected":false},"excerpt":{"rendered":"<p>El Instituto Antonio Plancarte es un Instituci\u00f3n Educativa Cat\u00f3lica que tiene como misi\u00f3n formar el Humanismo Cristiano mediante la educaci\u00f3n evang\u00e9lizadora, integral y arm\u00f3nica de la ni\u00f1ez y juventud.<\/p>\n","protected":false},"author":1,"featured_media":0,"parent":0,"menu_order":0,"comment_status":"closed","ping_status":"closed","template":"","meta":{"footnotes":""},"class_list":["post-65","page","type-page","status-publish","hentry"],"_links":{"self":[{"href":"https:\/\/plancartemorelia.edu.mx\/plancarte\/index.php?rest_route=\/wp\/v2\/pages\/65","targetHints":{"allow":["GET"]}}],"collection":[{"href":"https:\/\/plancartemorelia.edu.mx\/plancarte\/index.php?rest_route=\/wp\/v2\/pages"}],"about":[{"href":"https:\/\/plancartemorelia.edu.mx\/plancarte\/index.php?rest_route=\/wp\/v2\/types\/page"}],"author":[{"embeddable":true,"href":"https:\/\/plancartemorelia.edu.mx\/plancarte\/index.php?rest_route=\/wp\/v2\/users\/1"}],"replies":[{"embeddable":true,"href":"https:\/\/plancartemorelia.edu.mx\/plancarte\/index.php?rest_route=%2Fwp%2Fv2%2Fcomments&post=65"}],"version-history":[{"count":8,"href":"https:\/\/plancartemorelia.edu.mx\/plancarte\/index.php?rest_route=\/wp\/v2\/pages\/65\/revisions"}],"predecessor-version":[{"id":177,"href":"https:\/\/plancartemorelia.edu.mx\/plancarte\/index.php?rest_route=\/wp\/v2\/pages\/65\/revisions\/177"}],"wp:attachment":[{"href":"https:\/\/plancartemorelia.edu.mx\/plancarte\/index.php?rest_route=%2Fwp%2Fv2%2Fmedia&parent=65"}],"curies":[{"name":"wp","href":"https:\/\/api.w.org\/{rel}","templated":true}]}}