{"id":64,"date":"2025-12-01T23:49:50","date_gmt":"2025-12-01T23:49:50","guid":{"rendered":"https:\/\/plancartemorelia.edu.mx\/plancarte\/?page_id=64"},"modified":"2025-12-18T14:56:26","modified_gmt":"2025-12-18T14:56:26","slug":"easy-customizable","status":"publish","type":"page","link":"https:\/\/plancartemorelia.edu.mx\/plancarte\/?page_id=64","title":{"rendered":"Filosof\u00eda Institucional <br> <i class=\"fa fa-book fa-2x\"><\/I>"},"content":{"rendered":"\n<p>La filosof\u00eda educativa que profesamos, es el humanismo cristiano, que sostiene que el hombre no es tal cuando se pierde de vista su dimensi\u00f3n espiritual, su vocaci\u00f3n a la eternidad, su fin \u00faltimo, que es Dios. <\/p>\n","protected":false},"excerpt":{"rendered":"<p>La filosof\u00eda educativa que profesamos, es el humanismo cristiano, que sostiene que el hombre no es tal cuando se pierde de vista su dimensi\u00f3n espiritual, su vocaci\u00f3n a la eternidad, su fin \u00faltimo, que es Dios.<\/p>\n","protected":false},"author":1,"featured_media":0,"parent":0,"menu_order":0,"comment_status":"closed","ping_status":"closed","template":"","meta":{"footnotes":""},"class_list":["post-64","page","type-page","status-publish","hentry"],"_links":{"self":[{"href":"https:\/\/plancartemorelia.edu.mx\/plancarte\/index.php?rest_route=\/wp\/v2\/pages\/64","targetHints":{"allow":["GET"]}}],"collection":[{"href":"https:\/\/plancartemorelia.edu.mx\/plancarte\/index.php?rest_route=\/wp\/v2\/pages"}],"about":[{"href":"https:\/\/plancartemorelia.edu.mx\/plancarte\/index.php?rest_route=\/wp\/v2\/types\/page"}],"author":[{"embeddable":true,"href":"https:\/\/plancartemorelia.edu.mx\/plancarte\/index.php?rest_route=\/wp\/v2\/users\/1"}],"replies":[{"embeddable":true,"href":"https:\/\/plancartemorelia.edu.mx\/plancarte\/index.php?rest_route=%2Fwp%2Fv2%2Fcomments&post=64"}],"version-history":[{"count":6,"href":"https:\/\/plancartemorelia.edu.mx\/plancarte\/index.php?rest_route=\/wp\/v2\/pages\/64\/revisions"}],"predecessor-version":[{"id":176,"href":"https:\/\/plancartemorelia.edu.mx\/plancarte\/index.php?rest_route=\/wp\/v2\/pages\/64\/revisions\/176"}],"wp:attachment":[{"href":"https:\/\/plancartemorelia.edu.mx\/plancarte\/index.php?rest_route=%2Fwp%2Fv2%2Fmedia&parent=64"}],"curies":[{"name":"wp","href":"https:\/\/api.w.org\/{rel}","templated":true}]}}